{"id":1414,"date":"2021-11-14T21:55:14","date_gmt":"2021-11-15T00:55:14","guid":{"rendered":"https:\/\/tienda.acrobatadelcamino.com\/argentina\/?post_type=product&#038;p=1414"},"modified":"2024-01-15T20:24:09","modified_gmt":"2024-01-15T23:24:09","slug":"masterclass-descubri-tu-ruta","status":"publish","type":"product","link":"https:\/\/tienda.acrobatadelcamino.com\/argentina\/producto\/masterclass-descubri-tu-ruta\/","title":{"rendered":"Masterclass Descubr\u00ed tu ruta"},"content":{"rendered":"<div class=\"elementor-element elementor-element-b619c6f elementor-widget elementor-widget-text-editor\" data-id=\"b619c6f\" data-element_type=\"widget\" data-widget_type=\"text-editor.default\">\n<div class=\"elementor-widget-container\">\n<div class=\"elementor-text-editor elementor-clearfix\">\n<div><span lang=\"ES\">Una generaci\u00f3n que\u00a0<strong>deconstruye todo,<\/strong>\u00a0desde el lenguaje hasta los h\u00e1bitos de consumo, tambi\u00e9n deber\u00eda\u00a0<strong>deconstruir la manera de viajar<\/strong> y, sin embargo, no siempre es as\u00ed.<\/span><\/div>\n<\/div>\n<\/div>\n<\/div>\n<section class=\"elementor-section elementor-inner-section elementor-element elementor-element-327063c elementor-section-boxed elementor-section-height-default elementor-section-height-default\" data-id=\"327063c\" data-element_type=\"section\">\n<div class=\"elementor-container elementor-column-gap-wider\">\n<div class=\"elementor-row\">\n<div class=\"elementor-column elementor-col-50 elementor-inner-column elementor-element elementor-element-7e721b9\" data-id=\"7e721b9\" data-element_type=\"column\">\n<div class=\"elementor-column-wrap elementor-element-populated\">\n<div class=\"elementor-widget-wrap\">\n<div class=\"elementor-element elementor-element-a16c02d elementor-widget elementor-widget-text-editor\" data-id=\"a16c02d\" data-element_type=\"widget\" data-widget_type=\"text-editor.default\">\n<div class=\"elementor-widget-container\">\n<div class=\"elementor-text-editor elementor-clearfix\">\n<p>La idea de esta masterclass es brindarte todas las\u00a0<strong>herramientas pr\u00e1cticas y conceptuales<\/strong>\u00a0para que puedas dise\u00f1ar tu pr\u00f3ximo viaje, sea una escapada de una semana al Norte Argentino, una expedici\u00f3n de un a\u00f1o por Asia o tu primer viaje a Europa, como si fuera una obra de arte personalizada.<\/p>\n<p>Esperamos de los viajes algo m\u00e1s que una sucesi\u00f3n de fotos, esperamos descentrarnos de nuestra propia cultura y\u00a0<b>exponernos a la diversidad de nuestro planeta.<\/b><\/p>\n<p>Pero la tecnolog\u00eda no s\u00f3lo ha simplificado el acceso a la informaci\u00f3n: tambi\u00e9n ha creado toboganes invisibles por donde resbalan legiones de viajeros producidos en serie, siguiendo los mismos tips e itinerarios, todos satisfechos con la misma foto en Instagram.<\/p>\n<\/div>\n<\/div>\n<\/div>\n<\/div>\n<\/div>\n<\/div>\n<div class=\"elementor-column elementor-col-50 elementor-inner-column elementor-element elementor-element-3321eb0\" data-id=\"3321eb0\" data-element_type=\"column\">\n<div class=\"elementor-column-wrap elementor-element-populated\">\n<div class=\"elementor-widget-wrap\">\n<div class=\"elementor-element elementor-element-65ebfab elementor-widget elementor-widget-text-editor\" data-id=\"65ebfab\" data-element_type=\"widget\" data-widget_type=\"text-editor.default\">\n<div class=\"elementor-widget-container\">\n<div class=\"elementor-text-editor elementor-clearfix\">\n<p>Quienes no cuestionan esta matrix pueden terminar dando la vuelta al mundo mochila al hombro, tachando de la lista todo lo que recomiende Tripadvisor y, aun as\u00ed,\u00a0<b>no vivir jam\u00e1s una aventura<\/b><u>.<\/u><\/p>\n<p>El viaje \u201cindependiente\u201d o \u201cmochilero\u201d amenaza con convertirse en una versi\u00f3n barata del turismo est\u00e1ndar, centrado en los mismos atractivos estrella, s\u00f3lo que durmiendo en hostales reservados desde una App.\u00a0<b>Igual de masivo, pero con menos\u00a0<em>budget<\/em>.\u00a0<\/b>Un trill\u00f3n de fotos con el mismo \u00e1ngulo de Machu Picchu.<\/p>\n<p>Viajar, sin embargo, puede ser mucho m\u00e1s que eso: una oportunidad para la exploraci\u00f3n y el descubrimiento. Incluso en pa\u00edses y regiones tur\u00edsticas, el mundo explota de sitios genuinos donde es posible conectar de forma aut\u00e9ntica con el\u00a0<i>otro\u00a0<\/i>cultural.<\/p>\n<p>Si lo que busc\u00e1s son viajes intr\u00e9pidos con intercambios sociales significativos, \u00a1bienvenido a clase!<\/p>\n<\/div>\n<\/div>\n<\/div>\n<\/div>\n<\/div>\n<\/div>\n<\/div>\n<\/div>\n<\/section>\n","protected":false},"excerpt":{"rendered":"<p>La idea de esta masterclass es brindarte todas las\u00a0<strong>herramientas pr\u00e1cticas y conceptuales<\/strong>\u00a0para que puedas dise\u00f1ar tu pr\u00f3ximo viaje, sea una escapada de una semana al Norte Argentino, una expedici\u00f3n de un a\u00f1o por Asia o tu primer viaje a Europa, como si fuera una obra de arte personalizada.<\/p>\n<p>En <strong>3 horas de clase<\/strong> te ense\u00f1o c\u00f3mo pasar del viaje masivo al creativo, con t\u00e9cnicas reales que no salen en ninguna b\u00fasqueda de Google u otros blogs online.<\/p>\n<ul>\n<li>3 horas con\u00a0<b>todas mis estrategias y secretos a la hora de planear un viaje<\/b>\u00a0fuera de los circuitos tur\u00edsticos<\/li>\n<li><strong>Manejo avanzado de mapas<\/strong> y t\u00e9cnicas de deducci\u00f3n cartogr\u00e1fica. Formatos y tipos de mapa. Escalas. Fabricantes.<\/li>\n<li>Infinitas herramientas t\u00e9cnicas y conceptuales que pod\u00e9s usar en una <strong>escapada de fin de semana o un viaje de un a\u00f1o por igual.<\/strong><\/li>\n<li>Identificaci\u00f3n de destinos por posici\u00f3n relativa y continuidad cultural.<\/li>\n<li>Introducci\u00f3n a los viajes experimentales.<\/li>\n<li>Rol del azar y los medios de transporte.<\/li>\n<li><strong>Ejemplos pr\u00e1cticos<\/strong> (con fotos y an\u00e9cdotas) de los viajes de los que estoy m\u00e1s orgulloso. Caso por caso, vamos a ubicar el lugar en el mapa y analizar los criterios utlizados para descubrir lugares incre\u00edbles y generar contacto social.<\/li>\n<\/ul>\n<p>\u00a1Vas a tener una clave de <strong>acceso personal ilimitada<\/strong> para verla y tomar nota cuantas veces quieras!<\/p>\n","protected":false},"featured_media":1415,"comment_status":"closed","ping_status":"closed","template":"","meta":[],"product_brand":[],"product_cat":[23],"product_tag":[],"class_list":{"0":"post-1414","1":"product","2":"type-product","3":"status-publish","4":"has-post-thumbnail","6":"product_cat-masterclass","8":"first","9":"instock","10":"virtual","11":"purchasable","12":"product-type-simple"},"_links":{"self":[{"href":"https:\/\/tienda.acrobatadelcamino.com\/argentina\/wp-json\/wp\/v2\/product\/1414","targetHints":{"allow":["GET"]}}],"collection":[{"href":"https:\/\/tienda.acrobatadelcamino.com\/argentina\/wp-json\/wp\/v2\/product"}],"about":[{"href":"https:\/\/tienda.acrobatadelcamino.com\/argentina\/wp-json\/wp\/v2\/types\/product"}],"replies":[{"embeddable":true,"href":"https:\/\/tienda.acrobatadelcamino.com\/argentina\/wp-json\/wp\/v2\/comments?post=1414"}],"wp:featuredmedia":[{"embeddable":true,"href":"https:\/\/tienda.acrobatadelcamino.com\/argentina\/wp-json\/wp\/v2\/media\/1415"}],"wp:attachment":[{"href":"https:\/\/tienda.acrobatadelcamino.com\/argentina\/wp-json\/wp\/v2\/media?parent=1414"}],"wp:term":[{"taxonomy":"product_brand","embeddable":true,"href":"https:\/\/tienda.acrobatadelcamino.com\/argentina\/wp-json\/wp\/v2\/product_brand?post=1414"},{"taxonomy":"product_cat","embeddable":true,"href":"https:\/\/tienda.acrobatadelcamino.com\/argentina\/wp-json\/wp\/v2\/product_cat?post=1414"},{"taxonomy":"product_tag","embeddable":true,"href":"https:\/\/tienda.acrobatadelcamino.com\/argentina\/wp-json\/wp\/v2\/product_tag?post=1414"}],"curies":[{"name":"wp","href":"https:\/\/api.w.org\/{rel}","templated":true}]}}