{"id":3038,"date":"2022-11-16T23:02:29","date_gmt":"2022-11-17T02:02:29","guid":{"rendered":"https:\/\/tienda.acrobatadelcamino.com\/argentina\/?post_type=product&#038;p=3038"},"modified":"2025-05-02T02:38:39","modified_gmt":"2025-05-02T05:38:39","slug":"un-tango-en-tibet","status":"publish","type":"product","link":"https:\/\/tienda.acrobatadelcamino.com\/argentina\/producto\/un-tango-en-tibet\/","title":{"rendered":"Un Tango en Tibet"},"content":{"rendered":"<p>El encuentro se ambienta en el oeste de T\u00edbet, una de las regiones m\u00e1s aisladas y desconocidas del planeta. Juan, mochilero argentino, une Europa con el Sudeste Asi\u00e1tico a dedo, y busca infiltrarse en el altiplano a pesar de las restricciones chinas a los viajeros independientes. Pablo, chef rosarino, ha peregrinado hasta all\u00ed leyendo el Tao y a la caza de una soledad reveladora. Juntos caminan, acaso, por la ruta menos transitada del mundo \u2013la 219- y entran en \u00edntimo contacto con el hambre, la nieve y el fr\u00edo en un pa\u00eds donde nadie les entiende una palabra. Viajando ilegalmente en un territorio asediado por tensiones \u00e9tnicas, con una poblaci\u00f3n oprimida por el gobierno chino, su \u00fanica esperanza es llegar a Lhasa, la capital del T\u00edbet, alguna vez conocida como la ciudad prohibida. Pero est\u00e1n a 1700 kil\u00f3metros.<\/p>\n<p>&nbsp;<\/p>\n<p>En medio de su cruzada tropiezan con Akatsuki, un poeta japon\u00e9s que no saca fotos y quien les suplica que le traduzcan el tango <em>Balada para un Loco<\/em>. As\u00ed, mientras esperan horas para abordar las cajas grasientas de los pocos camiones que transitan la ruta, durmiendo en monasterios y escandalizando a monjes y peregrinos, van traduciendo la balada y, a la vez, ejecutando su propia y delicada locura\u2026<\/p>\n","protected":false},"excerpt":{"rendered":"<p>&nbsp;<\/p>\n<p><strong>\u201cUn Tango en T\u00edbet\u201d<\/strong> narra mi cruce de uno de los territorios m\u00e1s remotos del planeta, cerrado a los viajeros independientes. Viveza criolla mediante, dos argentinos buscan infiltrarse por una ruta desierta, a pesar de las nevadas cada vez m\u00e1s frecuente y el riesgo de ser deportados. All\u00ed conocen a un poeta japon\u00e9s que les suplica que le traduzcan \u201cBalada para un loco\u201d. A bordo de camiones de peregrinos o en monasterios abandonados la traducci\u00f3n del tango se vuelve \u00edndice de conversaciones en que se enredan el budismo y la locura, los crotos y la psicodelia, Newell\u2019s Old Boys y el Dal\u00e1i lama. Una reivindicaci\u00f3n del disenso y el absurdo.<\/p>\n<p>160 p\u00e1ginas. Fotos a color. 1 mapa.<\/p>\n<p><strong>Disponible en tapa blanda<\/strong><\/p>\n","protected":false},"featured_media":3039,"comment_status":"closed","ping_status":"closed","template":"","meta":[],"product_brand":[],"product_cat":[16,28],"product_tag":[],"class_list":{"0":"post-3038","1":"product","2":"type-product","3":"status-publish","4":"has-post-thumbnail","6":"product_cat-sin-categorizar","7":"product_cat-tango","8":"product_shipping_class-un-libro","10":"first","11":"instock","12":"shipping-taxable","13":"purchasable","14":"product-type-variable"},"_links":{"self":[{"href":"https:\/\/tienda.acrobatadelcamino.com\/argentina\/wp-json\/wp\/v2\/product\/3038","targetHints":{"allow":["GET"]}}],"collection":[{"href":"https:\/\/tienda.acrobatadelcamino.com\/argentina\/wp-json\/wp\/v2\/product"}],"about":[{"href":"https:\/\/tienda.acrobatadelcamino.com\/argentina\/wp-json\/wp\/v2\/types\/product"}],"replies":[{"embeddable":true,"href":"https:\/\/tienda.acrobatadelcamino.com\/argentina\/wp-json\/wp\/v2\/comments?post=3038"}],"wp:featuredmedia":[{"embeddable":true,"href":"https:\/\/tienda.acrobatadelcamino.com\/argentina\/wp-json\/wp\/v2\/media\/3039"}],"wp:attachment":[{"href":"https:\/\/tienda.acrobatadelcamino.com\/argentina\/wp-json\/wp\/v2\/media?parent=3038"}],"wp:term":[{"taxonomy":"product_brand","embeddable":true,"href":"https:\/\/tienda.acrobatadelcamino.com\/argentina\/wp-json\/wp\/v2\/product_brand?post=3038"},{"taxonomy":"product_cat","embeddable":true,"href":"https:\/\/tienda.acrobatadelcamino.com\/argentina\/wp-json\/wp\/v2\/product_cat?post=3038"},{"taxonomy":"product_tag","embeddable":true,"href":"https:\/\/tienda.acrobatadelcamino.com\/argentina\/wp-json\/wp\/v2\/product_tag?post=3038"}],"curies":[{"name":"wp","href":"https:\/\/api.w.org\/{rel}","templated":true}]}}