{"id":47,"date":"2021-10-11T21:31:12","date_gmt":"2021-10-11T21:31:12","guid":{"rendered":"https:\/\/tienda.acrobatadelcamino.com\/argentina\/?post_type=product&#038;p=47"},"modified":"2025-05-02T02:43:47","modified_gmt":"2025-05-02T05:43:47","slug":"combo-viajero","status":"publish","type":"product","link":"https:\/\/tienda.acrobatadelcamino.com\/argentina\/producto\/combo-viajero\/","title":{"rendered":"Combo Viajero"},"content":{"rendered":"","protected":false},"excerpt":{"rendered":"<p>Mi primer libro y mi \u00faltima aventura. Las historias de este combo transcurren en coordenadas del planisferio sumamente diversas, como Medio Oriente y \u00c1frica. Adem\u00e1s de abundar en reflexiones sobre la vida n\u00f3mada, demuestran que no hay l\u00edmites ni fronteras indomables para quien se calza una mochila. <strong><em>Vagabundeando en el Eje del Mal<\/em><\/strong> documenta la hospitalidad de los pa\u00edses m\u00e1s estigmatizados y plantea el viaje como redescubrimiento del otro cultural. <strong><em>\u00c1frica: el Tiempo de los Ritos<\/em><\/strong>, mi \u00faltimo libro, cuenta las transformaciones personales que deb\u00ed afrontar cruzando \u00c1frica por tierra, en un viaje tan desafiante que constituy\u00f3, en s\u00ed mismo, un rito de pasaje. Este es mi combo sugerido<strong>, \u00a1tambien pod\u00e9s hacer tu propia combinaci\u00f3n con <em>Caminos Invisibles<\/em>!<\/strong><\/p>\n","protected":false},"featured_media":213,"comment_status":"closed","ping_status":"closed","template":"","meta":[],"product_brand":[],"product_cat":[19],"product_tag":[],"class_list":{"0":"post-47","1":"product","2":"type-product","3":"status-publish","4":"has-post-thumbnail","6":"product_cat-combos","7":"product_shipping_class-combo","9":"first","10":"instock","11":"shipping-taxable","12":"purchasable","13":"product-type-variable"},"_links":{"self":[{"href":"https:\/\/tienda.acrobatadelcamino.com\/argentina\/wp-json\/wp\/v2\/product\/47","targetHints":{"allow":["GET"]}}],"collection":[{"href":"https:\/\/tienda.acrobatadelcamino.com\/argentina\/wp-json\/wp\/v2\/product"}],"about":[{"href":"https:\/\/tienda.acrobatadelcamino.com\/argentina\/wp-json\/wp\/v2\/types\/product"}],"replies":[{"embeddable":true,"href":"https:\/\/tienda.acrobatadelcamino.com\/argentina\/wp-json\/wp\/v2\/comments?post=47"}],"wp:featuredmedia":[{"embeddable":true,"href":"https:\/\/tienda.acrobatadelcamino.com\/argentina\/wp-json\/wp\/v2\/media\/213"}],"wp:attachment":[{"href":"https:\/\/tienda.acrobatadelcamino.com\/argentina\/wp-json\/wp\/v2\/media?parent=47"}],"wp:term":[{"taxonomy":"product_brand","embeddable":true,"href":"https:\/\/tienda.acrobatadelcamino.com\/argentina\/wp-json\/wp\/v2\/product_brand?post=47"},{"taxonomy":"product_cat","embeddable":true,"href":"https:\/\/tienda.acrobatadelcamino.com\/argentina\/wp-json\/wp\/v2\/product_cat?post=47"},{"taxonomy":"product_tag","embeddable":true,"href":"https:\/\/tienda.acrobatadelcamino.com\/argentina\/wp-json\/wp\/v2\/product_tag?post=47"}],"curies":[{"name":"wp","href":"https:\/\/api.w.org\/{rel}","templated":true}]}}