{"id":112,"date":"2021-10-19T16:09:53","date_gmt":"2021-10-19T19:09:53","guid":{"rendered":"https:\/\/tienda.acrobatadelcamino.com\/internacional\/?page_id=112"},"modified":"2023-12-20T13:45:33","modified_gmt":"2023-12-20T16:45:33","slug":"contacto","status":"publish","type":"page","link":"https:\/\/tienda.acrobatadelcamino.com\/internacional\/contacto\/","title":{"rendered":"Contacto"},"content":{"rendered":"\n<h2 class=\"wp-block-heading\">\u00a1Hola! \u00a1Gracias por hacer contacto y pasar del otro lado de la pantalla!<\/h2>\n\n\n\n<p><\/p>\n\n\n\n<p>Si ten\u00e9s alguna duda o consulta sobre<strong> env\u00edos o m\u00e9todos de pago<\/strong> podes escribirnos a:<br><\/p>\n\n\n\n<div class=\"wp-block-jetpack-contact-info\">\n\n<div class=\"wp-block-jetpack-email\"><a href=\"mailto:tienda@acrobatadelcamino.com\">tienda@acrobatadelcamino.com<\/a><\/div>\n\n\n<p><\/p>\n\n<\/div>\n\n\n\n<p><\/p>\n","protected":false},"excerpt":{"rendered":"<p>\u00a1Hola! \u00a1Gracias por hacer contacto y pasar del otro lado de la pantalla! Si ten\u00e9s alguna duda o consulta sobre env\u00edos o m\u00e9todos de pago podes escribirnos a:<\/p>\n","protected":false},"author":1,"featured_media":0,"parent":0,"menu_order":0,"comment_status":"closed","ping_status":"closed","template":"","meta":{"footnotes":""},"class_list":["post-112","page","type-page","status-publish","hentry"],"_links":{"self":[{"href":"https:\/\/tienda.acrobatadelcamino.com\/internacional\/wp-json\/wp\/v2\/pages\/112","targetHints":{"allow":["GET"]}}],"collection":[{"href":"https:\/\/tienda.acrobatadelcamino.com\/internacional\/wp-json\/wp\/v2\/pages"}],"about":[{"href":"https:\/\/tienda.acrobatadelcamino.com\/internacional\/wp-json\/wp\/v2\/types\/page"}],"author":[{"embeddable":true,"href":"https:\/\/tienda.acrobatadelcamino.com\/internacional\/wp-json\/wp\/v2\/users\/1"}],"replies":[{"embeddable":true,"href":"https:\/\/tienda.acrobatadelcamino.com\/internacional\/wp-json\/wp\/v2\/comments?post=112"}],"version-history":[{"count":2,"href":"https:\/\/tienda.acrobatadelcamino.com\/internacional\/wp-json\/wp\/v2\/pages\/112\/revisions"}],"predecessor-version":[{"id":1706,"href":"https:\/\/tienda.acrobatadelcamino.com\/internacional\/wp-json\/wp\/v2\/pages\/112\/revisions\/1706"}],"wp:attachment":[{"href":"https:\/\/tienda.acrobatadelcamino.com\/internacional\/wp-json\/wp\/v2\/media?parent=112"}],"curies":[{"name":"wp","href":"https:\/\/api.w.org\/{rel}","templated":true}]}}