{"id":120,"date":"2021-10-19T16:23:03","date_gmt":"2021-10-19T19:23:03","guid":{"rendered":"https:\/\/tienda.acrobatadelcamino.com\/internacional\/?page_id=120"},"modified":"2021-10-23T22:32:18","modified_gmt":"2021-10-24T01:32:18","slug":"preguntas-frecuentes","status":"publish","type":"page","link":"https:\/\/tienda.acrobatadelcamino.com\/internacional\/preguntas-frecuentes\/","title":{"rendered":"Preguntas frecuentes"},"content":{"rendered":"\r\n<h2 class=\"wp-block-heading\">Env\u00edos y costos<\/h2>\r\n\r\n\r\n\r\n<p><\/p>\r\n\r\n\r\n\r\n<h4 class=\"wp-block-heading\"><strong>Hacen env\u00edos a mi pa\u00eds?<\/strong><\/h4>\r\n\r\n\r\n\r\n<p><\/p>\r\n\r\n\r\n\r\n<p>De momento hacemos env\u00edos a<strong> casi toda Latinoamerica, Europa y algunos pa\u00edses de Asia<\/strong>. Si no ves tu pa\u00eds al momento de hacer tu compra pod\u00e9s escribirnos a <a href=\"mailto:tienda@acrobatadelcamino.com\">tienda@acrobatadelcamino.com<\/a> o por Whatsapp a +5492233470556.<\/p>\r\n\r\n\r\n\r\n<h4 class=\"wp-block-heading\"><strong>Cu\u00e1nto cuesta el env\u00edo a mi pa\u00eds?<\/strong><\/h4>\r\n\r\n\r\n\r\n<p><\/p>\r\n\r\n\r\n\r\n<figure class=\"wp-block-table\"><table><tbody><tr><td><strong>Regi\u00f3n<\/strong><\/td><td><strong>Costo<\/strong><\/td><\/tr><tr><td>Colombia<\/td><td>USD 2-3<\/td><\/tr><tr><td>Espa\u00f1a<\/td><td>USD 6-19<\/td><\/tr><tr><td>Europa<\/td><td>USD 11-15<\/td><\/tr><tr><td>Resto del mundo<\/td><td>USD 11-17<\/td><\/tr><\/tbody><\/table><\/figure>\r\n\r\n\r\n\r\n<p><\/p>\r\n","protected":false},"excerpt":{"rendered":"<p>Env\u00edos y costos Hacen env\u00edos a mi pa\u00eds? De momento hacemos env\u00edos a casi toda Latinoamerica, Europa y algunos pa\u00edses de Asia. Si no ves tu pa\u00eds al momento de hacer tu compra pod\u00e9s escribirnos a tienda@acrobatadelcamino.com o por Whatsapp a +5492233470556. Cu\u00e1nto cuesta el env\u00edo a mi pa\u00eds? Regi\u00f3n Costo Colombia USD 2-3 Espa\u00f1a USD 6-19 Europa USD 11-15 [&#8230;]<\/p>\n","protected":false},"author":1,"featured_media":0,"parent":0,"menu_order":0,"comment_status":"closed","ping_status":"closed","template":"","meta":{"footnotes":""},"class_list":["post-120","page","type-page","status-publish","hentry"],"_links":{"self":[{"href":"https:\/\/tienda.acrobatadelcamino.com\/internacional\/wp-json\/wp\/v2\/pages\/120","targetHints":{"allow":["GET"]}}],"collection":[{"href":"https:\/\/tienda.acrobatadelcamino.com\/internacional\/wp-json\/wp\/v2\/pages"}],"about":[{"href":"https:\/\/tienda.acrobatadelcamino.com\/internacional\/wp-json\/wp\/v2\/types\/page"}],"author":[{"embeddable":true,"href":"https:\/\/tienda.acrobatadelcamino.com\/internacional\/wp-json\/wp\/v2\/users\/1"}],"replies":[{"embeddable":true,"href":"https:\/\/tienda.acrobatadelcamino.com\/internacional\/wp-json\/wp\/v2\/comments?post=120"}],"version-history":[{"count":2,"href":"https:\/\/tienda.acrobatadelcamino.com\/internacional\/wp-json\/wp\/v2\/pages\/120\/revisions"}],"predecessor-version":[{"id":296,"href":"https:\/\/tienda.acrobatadelcamino.com\/internacional\/wp-json\/wp\/v2\/pages\/120\/revisions\/296"}],"wp:attachment":[{"href":"https:\/\/tienda.acrobatadelcamino.com\/internacional\/wp-json\/wp\/v2\/media?parent=120"}],"curies":[{"name":"wp","href":"https:\/\/api.w.org\/{rel}","templated":true}]}}